{"id":150,"date":"2020-12-16T09:52:33","date_gmt":"2020-12-16T09:52:33","guid":{"rendered":"https:\/\/demo2wpopal.b-cdn.net\/smarthaus\/?product=incredible-leather-shoes"},"modified":"2023-06-07T10:45:00","modified_gmt":"2023-06-07T10:45:00","slug":"incredible-leather-shoes","status":"publish","type":"product","link":"https:\/\/tamanorganic.com\/index.php\/product\/incredible-leather-shoes\/","title":{"rendered":"Enzyme lau s\u00e0n nh\u00e0"},"content":{"rendered":"<p>Enzyme lau s\u00e0n nh\u00e0 l\u00e0 m\u1ed9t trong s\u1ed1 c\u00e1c s\u1ea3n ph\u1ea9m l\u00e0m s\u1ea1ch h\u1eefu c\u01a1 c\u1ee7a T\u00e2m An Organics, \u0111\u01b0\u1ee3c l\u00e0m ch\u1ee7 y\u1ebfu t\u1eeb v\u1ecf tr\u00e1i c\u00e2y b\u1eb1ng ph\u01b0\u01a1ng ph\u00e1p ch\u01b0ng c\u1ea5t v\u00e0 \u1ee7 l\u00ean men, kh\u00f4ng ch\u1ee9a b\u1ea5t k\u1ef3 h\u00f3a ch\u1ea5t \u0111\u1ed9c h\u1ea1i n\u00e0o, th\u00e2n thi\u1ec7n v\u1edbi m\u00f4i tr\u01b0\u1eddng, c\u00f3 kh\u1ea3 n\u0103ng l\u00e0m s\u1ea1ch, lo\u1ea1i b\u1ecf c\u00e1c c\u00e1c v\u1ebft b\u1ee5i b\u1ea9n, d\u1ea7u m\u1ee1 c\u1ee9ng \u0111\u1ea7u v\u00e0 g\u00e2y m\u00f9i kh\u00f3 ch\u1ecbu m\u00f9i kh\u00f3 ch\u1ecbu. S\u1ea3n ph\u1ea9m c\u00f3 m\u00f9i h\u01b0\u01a1ng tr\u00e1i c\u00e2y nh\u1eb9, \u00edt b\u1ecdt, nhanh kh\u00f4, kh\u00f4ng g\u00e2y tr\u01a1n tr\u01b0\u1ee3t v\u00e0 m\u00f9i kh\u00f3 ch\u1ecbu nh\u01b0 c\u00e1c s\u1ea3n ph\u1ea9m h\u00f3a ch\u1ea5t th\u00f4ng th\u01b0\u1eddng. Khi s\u1eed d\u1ee5ng Enzyme lau s\u00e0n T\u00e2m An Organics th\u01b0\u1eddng xuy\u00ean, s\u1ebd gi\u1ea3m v\u00e0 h\u1ea1n ch\u1ebf c\u00e1c lo\u1ea1i c\u00f4n tr\u00f9ng nh\u01b0 ki\u1ebfn, d\u00e1n, ru\u1ed3i, b\u1ecd\u2026 n\u00ean gi\u1ea3m kh\u1ea3 n\u0103ng g\u00e2y d\u1ecb \u1ee9ng da cho c\u01a1 th\u1ec3 con ng\u01b0\u1eddi, \u0111\u1eb7c bi\u1ec7t l\u00e0 v\u1edbi gia \u0111\u00ecnh c\u00f3 tr\u1ebb nh\u1ecf.<\/p>\n<h3>Product Features<\/h3>\n<h5>01. super light<\/h5>\n<p>Lorem ipsum dolor sit amet, consectetur adipisicing elit, sed do eiusmod tempor incididunt ut labore et dolore magna aliqua. Ut enim ad minim veniam, quis nostrud exercitation ullamco laboris nisi ut aliquip ex ea commodo consequat.<\/p>\n<h5>02. super strong<\/h5>\n<p>Lorem ipsum dolor sit amet, consectetur adipisicing elit, sed do eiusmod tempor incididunt ut labore et dolore magna aliqua. Ut enim ad minim veniam, quis nostrud exercitation ullamco laboris nisi ut aliquip ex ea commodo consequat.<\/p>\n<h5>03. smooth<\/h5>\n<p>Lorem ipsum dolor sit amet, consectetur adipisicing elit, sed do eiusmod tempor incididunt ut labore et dolore magna aliqua. Ut enim ad minim veniam, quis nostrud exercitation ullamco laboris nisi ut aliquip ex ea commodo consequat.<\/p>\n","protected":false},"excerpt":{"rendered":"<p>Adipisci minus rerum repellendus ullam consectetur deserunt et aut. Voluptatem velit accusamus ex asperiores iste. Adipisci natus aut sit facere. Eius est delectus voluptates voluptates.<\/p>\n","protected":false},"featured_media":6199,"comment_status":"open","ping_status":"closed","template":"","meta":{"inline_featured_image":false},"product_cat":[15,44,60],"product_tag":[35],"class_list":["post-150","product","type-product","status-publish","has-post-thumbnail","hentry","product_cat-uncategorized","product_cat-lam-sach-nha","product_cat-weight-gainers","product_tag-ducimus"],"_links":{"self":[{"href":"https:\/\/tamanorganic.com\/index.php\/wp-json\/wp\/v2\/product\/150","targetHints":{"allow":["GET"]}}],"collection":[{"href":"https:\/\/tamanorganic.com\/index.php\/wp-json\/wp\/v2\/product"}],"about":[{"href":"https:\/\/tamanorganic.com\/index.php\/wp-json\/wp\/v2\/types\/product"}],"replies":[{"embeddable":true,"href":"https:\/\/tamanorganic.com\/index.php\/wp-json\/wp\/v2\/comments?post=150"}],"wp:featuredmedia":[{"embeddable":true,"href":"https:\/\/tamanorganic.com\/index.php\/wp-json\/wp\/v2\/media\/6199"}],"wp:attachment":[{"href":"https:\/\/tamanorganic.com\/index.php\/wp-json\/wp\/v2\/media?parent=150"}],"wp:term":[{"taxonomy":"product_cat","embeddable":true,"href":"https:\/\/tamanorganic.com\/index.php\/wp-json\/wp\/v2\/product_cat?post=150"},{"taxonomy":"product_tag","embeddable":true,"href":"https:\/\/tamanorganic.com\/index.php\/wp-json\/wp\/v2\/product_tag?post=150"}],"curies":[{"name":"wp","href":"https:\/\/api.w.org\/{rel}","templated":true}]}}